{"id":1820,"date":"2024-11-24T22:36:19","date_gmt":"2024-11-24T22:36:19","guid":{"rendered":"https:\/\/www.fitness-treneri.hr\/?post_type=product&#038;p=1820"},"modified":"2024-12-01T19:16:28","modified_gmt":"2024-12-01T19:16:28","slug":"nika-jelic","status":"publish","type":"product","link":"https:\/\/www.fitness-treneri.hr\/index.php\/product\/nika-jelic\/","title":{"rendered":"Nika Jeli\u0107"},"content":{"rendered":"<p>E-mail: <a title=\"Send Email\" href=\"mailto:nika.jelic411@gmail.com\" target=\"_blank\" rel=\"noopener noreferrer\">nika.jelic411@gmail.com<\/a><\/p>\n<p>Url:\u00a0<a href=\"https:\/\/www.instagram.com\/jelicnika\/profilecard\/?igsh=MWM5bDNrbGttbjU1bw==\" target=\"_blank\" rel=\"noopener noreferrer\">Instagram profil<\/a><\/p>\n","protected":false},"excerpt":{"rendered":"<p>Nakon 16 godina bavljenja sportskim plesom svoju ljubav prema fizi\u010dkoj aktivnosti odlu\u010dila sam preto\u010diti u fitness. U mom radu kao osobnog trenera \u017eelja mi je da ljudi zavole kretanje zbog dugoro\u010dnih ciljeva &#8211; zdravlja i funkcionalnosti tijela neovisno o godinama te gledaju na tjelesnu aktivnost kao dio ve\u0107e cjeline uz san, prehranu i psihi\u010dko zdravlje. Bez straha me mo\u017ee\u0161 li kontaktirati jer nudim besplatne telefonske konzultacije kako bi upoznao\/la mene i moj na\u010din rada. Veselim se podijeliti svoje znanje s tobom i postati dio tvog fitness putovanja. Zavr\u0161ene edukacije: Fitness u\u010dili\u0161te &#8211; instruktor fitnessa u teretani Active Natal edukacija za treniranje u natalnom i postnatalnom periodu Les Mills edukacije za grupne programe<\/p>\n","protected":false},"featured_media":1707,"comment_status":"open","ping_status":"closed","template":"","meta":[],"product_brand":[],"product_cat":[38],"product_tag":[80,79,82,78,81],"class_list":{"0":"post-1820","1":"product","2":"type-product","3":"status-publish","4":"has-post-thumbnail","6":"product_cat-osobni-treneri","7":"product_tag-coach","8":"product_tag-fitness-trener","9":"product_tag-fitness-treneri","10":"product_tag-osobni-trener","11":"product_tag-osobni-treneri","13":"first","14":"instock","15":"shipping-taxable","16":"product-type-simple"},"_links":{"self":[{"href":"https:\/\/www.fitness-treneri.hr\/index.php\/wp-json\/wp\/v2\/product\/1820","targetHints":{"allow":["GET"]}}],"collection":[{"href":"https:\/\/www.fitness-treneri.hr\/index.php\/wp-json\/wp\/v2\/product"}],"about":[{"href":"https:\/\/www.fitness-treneri.hr\/index.php\/wp-json\/wp\/v2\/types\/product"}],"replies":[{"embeddable":true,"href":"https:\/\/www.fitness-treneri.hr\/index.php\/wp-json\/wp\/v2\/comments?post=1820"}],"wp:featuredmedia":[{"embeddable":true,"href":"https:\/\/www.fitness-treneri.hr\/index.php\/wp-json\/wp\/v2\/media\/1707"}],"wp:attachment":[{"href":"https:\/\/www.fitness-treneri.hr\/index.php\/wp-json\/wp\/v2\/media?parent=1820"}],"wp:term":[{"taxonomy":"product_brand","embeddable":true,"href":"https:\/\/www.fitness-treneri.hr\/index.php\/wp-json\/wp\/v2\/product_brand?post=1820"},{"taxonomy":"product_cat","embeddable":true,"href":"https:\/\/www.fitness-treneri.hr\/index.php\/wp-json\/wp\/v2\/product_cat?post=1820"},{"taxonomy":"product_tag","embeddable":true,"href":"https:\/\/www.fitness-treneri.hr\/index.php\/wp-json\/wp\/v2\/product_tag?post=1820"}],"curies":[{"name":"wp","href":"https:\/\/api.w.org\/{rel}","templated":true}]}}