{"id":1891,"date":"2024-11-25T15:21:09","date_gmt":"2024-11-25T15:21:09","guid":{"rendered":"https:\/\/www.fitness-treneri.hr\/?post_type=product&#038;p=1891"},"modified":"2024-12-01T19:15:29","modified_gmt":"2024-12-01T19:15:29","slug":"bruno-barisic","status":"publish","type":"product","link":"https:\/\/www.fitness-treneri.hr\/index.php\/product\/bruno-barisic\/","title":{"rendered":"Bruno Barisic"},"content":{"rendered":"<p>E-mail: <a href=\"mailto:brunobarisic2@gmail.com\">brunobarisic2@gmail.com<\/a><\/p>\n<p>Url:\u00a0<a href=\"https:\/\/www.instagram.com\/brunobarisic1\/profilecard\/?igsh=bmU0M2I1cjh6ZG15\" target=\"_blank\" rel=\"noopener noreferrer\">Instagram profil<\/a><\/p>\n","protected":false},"excerpt":{"rendered":"<p>Fitness trener sa vi\u0161e godi\u0161njim iskustvom u radu sa rekreacijom u individualnim i grupnim treninzima. Grupne treninge dugi niz godina sam vodio kod najpoznatijeg trenera Marina Ba\u0161i\u0107a u njegovoj dvorani Basic Gym One. Prije 5 godina napravio sam dva \u010dlanka u najpoznatijem mu\u0161kom \u010dasopisu Men\u2019s Health Nau\u010den sam raditi treninge sa vlastitim tijelom, sa bugarskom vre\u0107om, kettlebellom, utezima i mnogim drugim. Iskustvo u teretani imam preko 15 godina, aktivno sam se bavio hrvanjem preko 10 godina..<\/p>\n","protected":false},"featured_media":1888,"comment_status":"open","ping_status":"closed","template":"","meta":[],"product_brand":[],"product_cat":[38],"product_tag":[80,79,82,78,81],"class_list":{"0":"post-1891","1":"product","2":"type-product","3":"status-publish","4":"has-post-thumbnail","6":"product_cat-osobni-treneri","7":"product_tag-coach","8":"product_tag-fitness-trener","9":"product_tag-fitness-treneri","10":"product_tag-osobni-trener","11":"product_tag-osobni-treneri","13":"first","14":"instock","15":"shipping-taxable","16":"product-type-simple"},"_links":{"self":[{"href":"https:\/\/www.fitness-treneri.hr\/index.php\/wp-json\/wp\/v2\/product\/1891","targetHints":{"allow":["GET"]}}],"collection":[{"href":"https:\/\/www.fitness-treneri.hr\/index.php\/wp-json\/wp\/v2\/product"}],"about":[{"href":"https:\/\/www.fitness-treneri.hr\/index.php\/wp-json\/wp\/v2\/types\/product"}],"replies":[{"embeddable":true,"href":"https:\/\/www.fitness-treneri.hr\/index.php\/wp-json\/wp\/v2\/comments?post=1891"}],"wp:featuredmedia":[{"embeddable":true,"href":"https:\/\/www.fitness-treneri.hr\/index.php\/wp-json\/wp\/v2\/media\/1888"}],"wp:attachment":[{"href":"https:\/\/www.fitness-treneri.hr\/index.php\/wp-json\/wp\/v2\/media?parent=1891"}],"wp:term":[{"taxonomy":"product_brand","embeddable":true,"href":"https:\/\/www.fitness-treneri.hr\/index.php\/wp-json\/wp\/v2\/product_brand?post=1891"},{"taxonomy":"product_cat","embeddable":true,"href":"https:\/\/www.fitness-treneri.hr\/index.php\/wp-json\/wp\/v2\/product_cat?post=1891"},{"taxonomy":"product_tag","embeddable":true,"href":"https:\/\/www.fitness-treneri.hr\/index.php\/wp-json\/wp\/v2\/product_tag?post=1891"}],"curies":[{"name":"wp","href":"https:\/\/api.w.org\/{rel}","templated":true}]}}