{"id":1916,"date":"2024-11-27T16:00:58","date_gmt":"2024-11-27T16:00:58","guid":{"rendered":"https:\/\/www.fitness-treneri.hr\/?post_type=product&#038;p=1916"},"modified":"2024-12-01T19:15:28","modified_gmt":"2024-12-01T19:15:28","slug":"roko-vuic","status":"publish","type":"product","link":"https:\/\/www.fitness-treneri.hr\/index.php\/product\/roko-vuic\/","title":{"rendered":"Roko Vui\u0107"},"content":{"rendered":"<p>E-mail: <a href=\"mailto:rokovuic1@gmail.com\">rokovuic1@gmail.com<\/a><\/p>\n<p>Url:\u00a0<a href=\"https:\/\/www.instagram.com\/roko_vuic\/profilecard\/?igsh=MTdqeDF1dmx1dTBqbQ==\" target=\"_blank\" rel=\"noopener noreferrer\">Instagram profil<\/a><\/p>\n","protected":false},"excerpt":{"rendered":"<p>Cilj mi je pomo\u0107i svakome tko \u017eeli ostvariti svoje fitness ciljeve, pobolj\u0161ati svoj zdravlje i podi\u0107i samopouzdanje! Osim \u0161to sam student 4. godine Kineziolo\u0161kog fakulteta, ve\u0107 du\u017ee vrijeme radim kao trener sa klijentima! Postigni svoje ciljeve uz stru\u010dno vodstvo, motivaciju i dobru atmosferu na svakom treningu!<\/p>\n","protected":false},"featured_media":2051,"comment_status":"open","ping_status":"closed","template":"","meta":[],"product_brand":[],"product_cat":[38],"product_tag":[80,79,82,78,81],"class_list":{"0":"post-1916","1":"product","2":"type-product","3":"status-publish","4":"has-post-thumbnail","6":"product_cat-osobni-treneri","7":"product_tag-coach","8":"product_tag-fitness-trener","9":"product_tag-fitness-treneri","10":"product_tag-osobni-trener","11":"product_tag-osobni-treneri","13":"first","14":"instock","15":"shipping-taxable","16":"product-type-simple"},"_links":{"self":[{"href":"https:\/\/www.fitness-treneri.hr\/index.php\/wp-json\/wp\/v2\/product\/1916","targetHints":{"allow":["GET"]}}],"collection":[{"href":"https:\/\/www.fitness-treneri.hr\/index.php\/wp-json\/wp\/v2\/product"}],"about":[{"href":"https:\/\/www.fitness-treneri.hr\/index.php\/wp-json\/wp\/v2\/types\/product"}],"replies":[{"embeddable":true,"href":"https:\/\/www.fitness-treneri.hr\/index.php\/wp-json\/wp\/v2\/comments?post=1916"}],"wp:featuredmedia":[{"embeddable":true,"href":"https:\/\/www.fitness-treneri.hr\/index.php\/wp-json\/wp\/v2\/media\/2051"}],"wp:attachment":[{"href":"https:\/\/www.fitness-treneri.hr\/index.php\/wp-json\/wp\/v2\/media?parent=1916"}],"wp:term":[{"taxonomy":"product_brand","embeddable":true,"href":"https:\/\/www.fitness-treneri.hr\/index.php\/wp-json\/wp\/v2\/product_brand?post=1916"},{"taxonomy":"product_cat","embeddable":true,"href":"https:\/\/www.fitness-treneri.hr\/index.php\/wp-json\/wp\/v2\/product_cat?post=1916"},{"taxonomy":"product_tag","embeddable":true,"href":"https:\/\/www.fitness-treneri.hr\/index.php\/wp-json\/wp\/v2\/product_tag?post=1916"}],"curies":[{"name":"wp","href":"https:\/\/api.w.org\/{rel}","templated":true}]}}