{"id":2131,"date":"2024-12-03T19:41:26","date_gmt":"2024-12-03T18:41:26","guid":{"rendered":"https:\/\/www.fitness-treneri.hr\/?post_type=product&#038;p=2131"},"modified":"2025-01-02T17:26:02","modified_gmt":"2025-01-02T16:26:02","slug":"matea-ajder","status":"publish","type":"product","link":"https:\/\/www.fitness-treneri.hr\/index.php\/product\/matea-ajder\/","title":{"rendered":"Matea Ajder"},"content":{"rendered":"<p>E-mail: <a href=\"mailto:matea.ajder123@gmail.com\">matea.ajder123@gmail.com<\/a><\/p>\n<p>Url:\u00a0<a href=\"https:\/\/www.instagram.com\/matea_ajder\/\" rel=\"noopener noreferrer\">Instagram profil<\/a><\/p>\n","protected":false},"excerpt":{"rendered":"<p>Bok! Moje ime je Matea i studentica sam Kineziolo\u0161kog fakulteta, smjer Fitnes.<br \/>\nNakon \u010detiri godine bavljenja ko\u0161arkom, ljubav prema fitnesu je prevagnula, kojim se bavim ve\u0107 \u010detiri godine. Obzirom da sam uvidjela va\u017enost fizi\u010dke aktivnosti odlu\u010dila sam to dijeliti sa drugim ljudima i podsje\u0107ati ih koliko je malo potrebno da bi se osje\u0107ali dobro u svome tijelu. Osim fizi\u010dke promjene i rezultata, jednako je bitna i promjena u glavi, probijanje vlastitih granica i utjecaja na samopouzdanje koje svakom pojedincu ima pozitivan u\u010dinak na kvalitetu cjelokupnog \u017eivota.<br \/>\nNudim individualne treninge u Gyms4you teretanama uz konstantu motivaciju, podr\u0161ku i savjetima o prehrani<\/p>\n","protected":false},"featured_media":2126,"comment_status":"open","ping_status":"closed","template":"","meta":[],"product_brand":[],"product_cat":[38],"product_tag":[80,79,82,78,81],"class_list":{"0":"post-2131","1":"product","2":"type-product","3":"status-publish","4":"has-post-thumbnail","6":"product_cat-osobni-treneri","7":"product_tag-coach","8":"product_tag-fitness-trener","9":"product_tag-fitness-treneri","10":"product_tag-osobni-trener","11":"product_tag-osobni-treneri","13":"first","14":"instock","15":"shipping-taxable","16":"product-type-simple"},"_links":{"self":[{"href":"https:\/\/www.fitness-treneri.hr\/index.php\/wp-json\/wp\/v2\/product\/2131","targetHints":{"allow":["GET"]}}],"collection":[{"href":"https:\/\/www.fitness-treneri.hr\/index.php\/wp-json\/wp\/v2\/product"}],"about":[{"href":"https:\/\/www.fitness-treneri.hr\/index.php\/wp-json\/wp\/v2\/types\/product"}],"replies":[{"embeddable":true,"href":"https:\/\/www.fitness-treneri.hr\/index.php\/wp-json\/wp\/v2\/comments?post=2131"}],"wp:featuredmedia":[{"embeddable":true,"href":"https:\/\/www.fitness-treneri.hr\/index.php\/wp-json\/wp\/v2\/media\/2126"}],"wp:attachment":[{"href":"https:\/\/www.fitness-treneri.hr\/index.php\/wp-json\/wp\/v2\/media?parent=2131"}],"wp:term":[{"taxonomy":"product_brand","embeddable":true,"href":"https:\/\/www.fitness-treneri.hr\/index.php\/wp-json\/wp\/v2\/product_brand?post=2131"},{"taxonomy":"product_cat","embeddable":true,"href":"https:\/\/www.fitness-treneri.hr\/index.php\/wp-json\/wp\/v2\/product_cat?post=2131"},{"taxonomy":"product_tag","embeddable":true,"href":"https:\/\/www.fitness-treneri.hr\/index.php\/wp-json\/wp\/v2\/product_tag?post=2131"}],"curies":[{"name":"wp","href":"https:\/\/api.w.org\/{rel}","templated":true}]}}