{"id":2144,"date":"2024-12-04T16:33:16","date_gmt":"2024-12-04T15:33:16","guid":{"rendered":"https:\/\/www.fitness-treneri.hr\/?post_type=product&#038;p=2144"},"modified":"2025-01-27T17:57:11","modified_gmt":"2025-01-27T16:57:11","slug":"nikolina-perkovic","status":"publish","type":"product","link":"https:\/\/www.fitness-treneri.hr\/index.php\/product\/nikolina-perkovic\/","title":{"rendered":"Nikolina Perkovi\u0107"},"content":{"rendered":"<p>E-mail: <a href=\"mailto:kulisnikolina@gmail.com\">kulisnikolina@gmail.com<\/a><\/p>\n<p>Url:\u00a0<a href=\"https:\/\/www.instagram.com\/gymbuddy_np?igsh=cHVxYXhwanQ0NTZz\" rel=\"noopener noreferrer\">Instagram profil<\/a><\/p>\n","protected":false},"excerpt":{"rendered":"<p>Hej cure, \u017eelite naglasiti svoj \u017eenstveni izgled ali vas je strah da \u0107ete se previ\u0161e &#8220;ubildati&#8221;, da \u0107ete izabrati vje\u017ebe koje i nisu ba\u0161 naju\u010dinkovitije za ono \u0161to vi \u017eelite? Ne brinite, moja primarna svrha je pomo\u0107i curama koje upravo to \u017eele, koje \u017eele izgraditi svoje tijelo a zadr\u017eati \u017eenstvenost, koje \u017eele skinuti vi\u0161ak kilograma, koje nisu upoznate sa teretanom i treninzima u teretani, ili samo nemaju motivacije ni znanja za samostalni rad. Osobna sam fitness trenerica koja je svoje znanje stekla zavr\u0161etkom Fitnes u\u010dili\u0161ta, a iskustvo individualnim radom u teretani, te sada poma\u017eem curama putem online coachinga.<\/p>\n","protected":false},"featured_media":2142,"comment_status":"open","ping_status":"closed","template":"","meta":[],"product_brand":[],"product_cat":[38],"product_tag":[80,79,82,78,81],"class_list":{"0":"post-2144","1":"product","2":"type-product","3":"status-publish","4":"has-post-thumbnail","6":"product_cat-osobni-treneri","7":"product_tag-coach","8":"product_tag-fitness-trener","9":"product_tag-fitness-treneri","10":"product_tag-osobni-trener","11":"product_tag-osobni-treneri","13":"first","14":"instock","15":"shipping-taxable","16":"product-type-simple"},"_links":{"self":[{"href":"https:\/\/www.fitness-treneri.hr\/index.php\/wp-json\/wp\/v2\/product\/2144","targetHints":{"allow":["GET"]}}],"collection":[{"href":"https:\/\/www.fitness-treneri.hr\/index.php\/wp-json\/wp\/v2\/product"}],"about":[{"href":"https:\/\/www.fitness-treneri.hr\/index.php\/wp-json\/wp\/v2\/types\/product"}],"replies":[{"embeddable":true,"href":"https:\/\/www.fitness-treneri.hr\/index.php\/wp-json\/wp\/v2\/comments?post=2144"}],"wp:featuredmedia":[{"embeddable":true,"href":"https:\/\/www.fitness-treneri.hr\/index.php\/wp-json\/wp\/v2\/media\/2142"}],"wp:attachment":[{"href":"https:\/\/www.fitness-treneri.hr\/index.php\/wp-json\/wp\/v2\/media?parent=2144"}],"wp:term":[{"taxonomy":"product_brand","embeddable":true,"href":"https:\/\/www.fitness-treneri.hr\/index.php\/wp-json\/wp\/v2\/product_brand?post=2144"},{"taxonomy":"product_cat","embeddable":true,"href":"https:\/\/www.fitness-treneri.hr\/index.php\/wp-json\/wp\/v2\/product_cat?post=2144"},{"taxonomy":"product_tag","embeddable":true,"href":"https:\/\/www.fitness-treneri.hr\/index.php\/wp-json\/wp\/v2\/product_tag?post=2144"}],"curies":[{"name":"wp","href":"https:\/\/api.w.org\/{rel}","templated":true}]}}