{"id":2153,"date":"2024-12-05T09:19:00","date_gmt":"2024-12-05T08:19:00","guid":{"rendered":"https:\/\/www.fitness-treneri.hr\/?post_type=product&#038;p=2153"},"modified":"2024-12-05T09:19:00","modified_gmt":"2024-12-05T08:19:00","slug":"mario-vekic","status":"publish","type":"product","link":"https:\/\/www.fitness-treneri.hr\/index.php\/product\/mario-vekic\/","title":{"rendered":"Mario Veki\u0107"},"content":{"rendered":"<p>E-mail: <a href=\"mailto:vekicmario@gmail.com\">vekicmario@gmail.com<\/a><\/p>\n<p>Url:\u00a0<a href=\"https:\/\/www.instagram.com\/mariovekic_osobnitrener\/\" rel=\"noopener noreferrer\">Instagram profil<\/a><\/p>\n","protected":false},"excerpt":{"rendered":"<p>Aviron fit za zdravlje!<br \/>\nJa sam Mario Veki\u0107, certificirani instruktor fitnesa u teretani. Iza mene je 19 godina profesionalnog bavljenja veslanjem, 2 olimpijskih igara, osvojena brojna odli\u010dja na svjetskim, europskim i dr\u017eavnim prvenstvima. Iskustvo ste\u010deno u sportu preto\u010dio sam u Aviron fit metodu uz koju mo\u017eete:<br \/>\nizbje\u0107i negativne u\u010dinke sjedenja na poslu,<br \/>\npobolj\u0161ati op\u0107e zdravstveno stanje,<br \/>\nskinuti vi\u0161ak kilograma,<br \/>\nosje\u0107ati se bolje u svom tijelu,<br \/>\npove\u0107ati razinu tjelesne spremnosti<br \/>\n10 godina iskustva u fitnesu i vo\u0111enju klijenata ka njihovom cilju.<\/p>\n","protected":false},"featured_media":2150,"comment_status":"open","ping_status":"closed","template":"","meta":[],"product_brand":[],"product_cat":[38],"product_tag":[80,79,82,78,81],"class_list":{"0":"post-2153","1":"product","2":"type-product","3":"status-publish","4":"has-post-thumbnail","6":"product_cat-osobni-treneri","7":"product_tag-coach","8":"product_tag-fitness-trener","9":"product_tag-fitness-treneri","10":"product_tag-osobni-trener","11":"product_tag-osobni-treneri","13":"first","14":"instock","15":"shipping-taxable","16":"product-type-simple"},"_links":{"self":[{"href":"https:\/\/www.fitness-treneri.hr\/index.php\/wp-json\/wp\/v2\/product\/2153","targetHints":{"allow":["GET"]}}],"collection":[{"href":"https:\/\/www.fitness-treneri.hr\/index.php\/wp-json\/wp\/v2\/product"}],"about":[{"href":"https:\/\/www.fitness-treneri.hr\/index.php\/wp-json\/wp\/v2\/types\/product"}],"replies":[{"embeddable":true,"href":"https:\/\/www.fitness-treneri.hr\/index.php\/wp-json\/wp\/v2\/comments?post=2153"}],"wp:featuredmedia":[{"embeddable":true,"href":"https:\/\/www.fitness-treneri.hr\/index.php\/wp-json\/wp\/v2\/media\/2150"}],"wp:attachment":[{"href":"https:\/\/www.fitness-treneri.hr\/index.php\/wp-json\/wp\/v2\/media?parent=2153"}],"wp:term":[{"taxonomy":"product_brand","embeddable":true,"href":"https:\/\/www.fitness-treneri.hr\/index.php\/wp-json\/wp\/v2\/product_brand?post=2153"},{"taxonomy":"product_cat","embeddable":true,"href":"https:\/\/www.fitness-treneri.hr\/index.php\/wp-json\/wp\/v2\/product_cat?post=2153"},{"taxonomy":"product_tag","embeddable":true,"href":"https:\/\/www.fitness-treneri.hr\/index.php\/wp-json\/wp\/v2\/product_tag?post=2153"}],"curies":[{"name":"wp","href":"https:\/\/api.w.org\/{rel}","templated":true}]}}