{"id":2159,"date":"2024-12-05T11:20:33","date_gmt":"2024-12-05T10:20:33","guid":{"rendered":"https:\/\/www.fitness-treneri.hr\/?post_type=product&#038;p=2159"},"modified":"2024-12-05T11:20:33","modified_gmt":"2024-12-05T10:20:33","slug":"marko-kos","status":"publish","type":"product","link":"https:\/\/www.fitness-treneri.hr\/index.php\/product\/marko-kos\/","title":{"rendered":"Marko Kos"},"content":{"rendered":"<p>E-mail: <a href=\"mailto:markokos1980@gmail.com\">markokos1980@gmail.com<\/a><\/p>\n<p>Url:\u00a0<a href=\"https:\/\/www.instagram.com\/_marko_kos_\/\" rel=\"noopener noreferrer\">Instagram profil<\/a><\/p>\n","protected":false},"excerpt":{"rendered":"<p>Zovem se Marko Kos, imam 44 godine i certificirani sam fitness trener te maser specijaliziran za medicinsku i sportsku masa\u017eu. Sportom se bavim vi\u0161e od 30 godina, a posljednjih 10+ godina posvetio sam radu kao fitness trener.<br \/>\nVodim vlastitu dvoranu u Zagrebu, gdje se isklju\u010divo bavim individualnim radom s klijentima, prilago\u0111avaju\u0107i pristup njihovim potrebama i ciljevima. Kao Hybrid Athlete, spojio sam snagu, izdr\u017eljivost i funkcionalni trening, a taj pristup dodatno sam unaprijedio kroz vlastiti IRONDRILL sustav treniranja, osmi\u0161ljen za postizanje vrhunskih rezultata.<br \/>\nAktivni sam natjecatelj u sportovima izdr\u017eljivosti te sudionik i organizator brojnih sportsko-humanitarnih izazova. Tako\u0111er, osniva\u010d sam projekta SNAGA-POKRETA.<br \/>\nAko tra\u017eite posve\u0107enost, stru\u010dnost i individualan pristup \u2013 tu sam da vam pomognem na va\u0161em putu!<\/p>\n","protected":false},"featured_media":2156,"comment_status":"open","ping_status":"closed","template":"","meta":[],"product_brand":[],"product_cat":[38],"product_tag":[80,79,82,78,81],"class_list":{"0":"post-2159","1":"product","2":"type-product","3":"status-publish","4":"has-post-thumbnail","6":"product_cat-osobni-treneri","7":"product_tag-coach","8":"product_tag-fitness-trener","9":"product_tag-fitness-treneri","10":"product_tag-osobni-trener","11":"product_tag-osobni-treneri","13":"first","14":"instock","15":"shipping-taxable","16":"product-type-simple"},"_links":{"self":[{"href":"https:\/\/www.fitness-treneri.hr\/index.php\/wp-json\/wp\/v2\/product\/2159","targetHints":{"allow":["GET"]}}],"collection":[{"href":"https:\/\/www.fitness-treneri.hr\/index.php\/wp-json\/wp\/v2\/product"}],"about":[{"href":"https:\/\/www.fitness-treneri.hr\/index.php\/wp-json\/wp\/v2\/types\/product"}],"replies":[{"embeddable":true,"href":"https:\/\/www.fitness-treneri.hr\/index.php\/wp-json\/wp\/v2\/comments?post=2159"}],"wp:featuredmedia":[{"embeddable":true,"href":"https:\/\/www.fitness-treneri.hr\/index.php\/wp-json\/wp\/v2\/media\/2156"}],"wp:attachment":[{"href":"https:\/\/www.fitness-treneri.hr\/index.php\/wp-json\/wp\/v2\/media?parent=2159"}],"wp:term":[{"taxonomy":"product_brand","embeddable":true,"href":"https:\/\/www.fitness-treneri.hr\/index.php\/wp-json\/wp\/v2\/product_brand?post=2159"},{"taxonomy":"product_cat","embeddable":true,"href":"https:\/\/www.fitness-treneri.hr\/index.php\/wp-json\/wp\/v2\/product_cat?post=2159"},{"taxonomy":"product_tag","embeddable":true,"href":"https:\/\/www.fitness-treneri.hr\/index.php\/wp-json\/wp\/v2\/product_tag?post=2159"}],"curies":[{"name":"wp","href":"https:\/\/api.w.org\/{rel}","templated":true}]}}