{"id":2190,"date":"2024-12-06T17:52:50","date_gmt":"2024-12-06T16:52:50","guid":{"rendered":"https:\/\/www.fitness-treneri.hr\/?post_type=product&#038;p=2190"},"modified":"2024-12-07T12:37:06","modified_gmt":"2024-12-07T11:37:06","slug":"romana-marincic","status":"publish","type":"product","link":"https:\/\/www.fitness-treneri.hr\/index.php\/product\/romana-marincic\/","title":{"rendered":"Romana Marin\u010di\u0107"},"content":{"rendered":"<p>E-mail: <a href=\"mailto:rmarincic3@gmail.com\">rmarincic3@gmail.com<\/a><\/p>\n<p>Url:\u00a0<a href=\"https:\/\/www.instagram.com\/trenerica_romana\/profilecard\/?igsh=MXJnM3hyejdiaGNuOQ==\" rel=\"noopener noreferrer\">Instagram profil<\/a><\/p>\n","protected":false},"excerpt":{"rendered":"<p>Pozdrav ekipa !<br \/>\nJa sam trenerica Romana i radim u Gyms4You centru Blato, Zagreb. Po struci sam medicinska sestra, ali ve\u0107 du\u017ei vremeni period sam posve\u0107ena isklju\u010divo fitnessu.<br \/>\nTako\u0111er, vodim i online programe kojima u zadnje vrijeme dajem prednost radi fleksibilnosti vremena, kako mog tako i od klijenata.<br \/>\n*Naglasak stavljam na to da radim samo s ozbiljnim klijentima koji su uistinu spremni izdvojiti vrijeme i dati sve od sebe za napredak !<br \/>\nAko se pronalazi\u0161 u tome, javi mi se i veselim se na\u0161em dru\u017eenju ! <\/p>\n","protected":false},"featured_media":2191,"comment_status":"open","ping_status":"closed","template":"","meta":[],"product_brand":[],"product_cat":[38],"product_tag":[80,79,82,78,81],"class_list":{"0":"post-2190","1":"product","2":"type-product","3":"status-publish","4":"has-post-thumbnail","6":"product_cat-osobni-treneri","7":"product_tag-coach","8":"product_tag-fitness-trener","9":"product_tag-fitness-treneri","10":"product_tag-osobni-trener","11":"product_tag-osobni-treneri","13":"first","14":"instock","15":"shipping-taxable","16":"product-type-simple"},"_links":{"self":[{"href":"https:\/\/www.fitness-treneri.hr\/index.php\/wp-json\/wp\/v2\/product\/2190","targetHints":{"allow":["GET"]}}],"collection":[{"href":"https:\/\/www.fitness-treneri.hr\/index.php\/wp-json\/wp\/v2\/product"}],"about":[{"href":"https:\/\/www.fitness-treneri.hr\/index.php\/wp-json\/wp\/v2\/types\/product"}],"replies":[{"embeddable":true,"href":"https:\/\/www.fitness-treneri.hr\/index.php\/wp-json\/wp\/v2\/comments?post=2190"}],"wp:featuredmedia":[{"embeddable":true,"href":"https:\/\/www.fitness-treneri.hr\/index.php\/wp-json\/wp\/v2\/media\/2191"}],"wp:attachment":[{"href":"https:\/\/www.fitness-treneri.hr\/index.php\/wp-json\/wp\/v2\/media?parent=2190"}],"wp:term":[{"taxonomy":"product_brand","embeddable":true,"href":"https:\/\/www.fitness-treneri.hr\/index.php\/wp-json\/wp\/v2\/product_brand?post=2190"},{"taxonomy":"product_cat","embeddable":true,"href":"https:\/\/www.fitness-treneri.hr\/index.php\/wp-json\/wp\/v2\/product_cat?post=2190"},{"taxonomy":"product_tag","embeddable":true,"href":"https:\/\/www.fitness-treneri.hr\/index.php\/wp-json\/wp\/v2\/product_tag?post=2190"}],"curies":[{"name":"wp","href":"https:\/\/api.w.org\/{rel}","templated":true}]}}