{"id":2253,"date":"2024-12-15T20:54:02","date_gmt":"2024-12-15T19:54:02","guid":{"rendered":"https:\/\/www.fitness-treneri.hr\/?post_type=product&#038;p=2253"},"modified":"2024-12-15T20:54:03","modified_gmt":"2024-12-15T19:54:03","slug":"luka-prgin","status":"publish","type":"product","link":"https:\/\/www.fitness-treneri.hr\/index.php\/product\/luka-prgin\/","title":{"rendered":"Luka Prgin"},"content":{"rendered":"<p>E-mail: <a href=\"mailto:prginluka2001@gmail.com\/\">prginluka2001@gmail.com<\/a><\/p>\n<p>Url:\u00a0<a href=\"https:\/\/www.instagram.com\/_prginluka_\/\" rel=\"noopener noreferrer\">Instagram profil<\/a><\/p>\n","protected":false},"excerpt":{"rendered":"<p>Bavim se calisthencsom du\u017ei niz godina i imam dosta veliki broj zadovoljnih klijenata koji \u017eelim pro\u0161iriti a uz to nudim i znanje u teretani po\u0161to sam student na Kineziolo\u0161kom fakultetu u Zagrebu nudim \u0161iroki spektar znanja.<\/p>\n","protected":false},"featured_media":2254,"comment_status":"open","ping_status":"closed","template":"","meta":[],"product_brand":[],"product_cat":[38],"product_tag":[80,79,82,78,81],"class_list":{"0":"post-2253","1":"product","2":"type-product","3":"status-publish","4":"has-post-thumbnail","6":"product_cat-osobni-treneri","7":"product_tag-coach","8":"product_tag-fitness-trener","9":"product_tag-fitness-treneri","10":"product_tag-osobni-trener","11":"product_tag-osobni-treneri","13":"first","14":"instock","15":"shipping-taxable","16":"product-type-simple"},"_links":{"self":[{"href":"https:\/\/www.fitness-treneri.hr\/index.php\/wp-json\/wp\/v2\/product\/2253","targetHints":{"allow":["GET"]}}],"collection":[{"href":"https:\/\/www.fitness-treneri.hr\/index.php\/wp-json\/wp\/v2\/product"}],"about":[{"href":"https:\/\/www.fitness-treneri.hr\/index.php\/wp-json\/wp\/v2\/types\/product"}],"replies":[{"embeddable":true,"href":"https:\/\/www.fitness-treneri.hr\/index.php\/wp-json\/wp\/v2\/comments?post=2253"}],"wp:featuredmedia":[{"embeddable":true,"href":"https:\/\/www.fitness-treneri.hr\/index.php\/wp-json\/wp\/v2\/media\/2254"}],"wp:attachment":[{"href":"https:\/\/www.fitness-treneri.hr\/index.php\/wp-json\/wp\/v2\/media?parent=2253"}],"wp:term":[{"taxonomy":"product_brand","embeddable":true,"href":"https:\/\/www.fitness-treneri.hr\/index.php\/wp-json\/wp\/v2\/product_brand?post=2253"},{"taxonomy":"product_cat","embeddable":true,"href":"https:\/\/www.fitness-treneri.hr\/index.php\/wp-json\/wp\/v2\/product_cat?post=2253"},{"taxonomy":"product_tag","embeddable":true,"href":"https:\/\/www.fitness-treneri.hr\/index.php\/wp-json\/wp\/v2\/product_tag?post=2253"}],"curies":[{"name":"wp","href":"https:\/\/api.w.org\/{rel}","templated":true}]}}