{"id":2292,"date":"2024-12-22T20:52:51","date_gmt":"2024-12-22T19:52:51","guid":{"rendered":"https:\/\/www.fitness-treneri.hr\/?post_type=product&#038;p=2292"},"modified":"2024-12-22T20:52:52","modified_gmt":"2024-12-22T19:52:52","slug":"mirjana-filipovic","status":"publish","type":"product","link":"https:\/\/www.fitness-treneri.hr\/index.php\/product\/mirjana-filipovic\/","title":{"rendered":"Mirjana Filipovic"},"content":{"rendered":"<p>E-mail: <a href=\"mailto:mirjanafilipovic@gmx.de\/\">mirjanafilipovic@gmx.de<\/a><\/p>\n<p>Url:\u00a0<a href=\"https:\/\/www.instagram.com\/mirjana_sports\/\" rel=\"noopener noreferrer\">Instagram profil<\/a><\/p>\n","protected":false},"excerpt":{"rendered":"<p>Pozdrav, ja sam Mirjana, certificirana fitness trenerica za \u017eene!<br \/>\nImam 35 godina, majka sam predivne djevoj\u010dice, a sport je uvijek bio dio mog \u017eivota. Moja strast prema tjelesnoj aktivnosti po\u010dela je jo\u0161 u djetinjstvu, a najvi\u0161e sam se posvetila rukometu.<br \/>\nPrvi susret s fitnessom imao je svoje izazove, ali kroz u\u010denje, prilagodbu treninga i prehrane, postigla sam zna\u010dajne promjene u svom tijelu i energiji. Nakon trudno\u0107e, suo\u010dila sam se s povratkom u formu, izgubiv\u0161i 18 kilograma i oblikovala tijelo bolje nego prije.<br \/>\nOhrabrena vlastitim iskustvom, odlu\u010dila sam se dodatno educirati kako bih pomogla \u017eenama da postignu svoje ciljeve \u2013 bilo da \u017eele mr\u0161aviti, oblikovati tijelo ili se vratiti u formu nakon trudno\u0107e.<br \/>\nMoj pristup je prilago\u0111en tvom \u017eivotnom stilu \u2013 programi su fleksibilni i omogu\u0107uju ti da postigne\u0161 ciljeve bez stresa, balansiraju\u0107i obaveze, posao i obitelj. Mo\u017ee\u0161 birati izme\u0111u slijede\u0107ih programa:<br \/>\n1. Fit &#038; Fearless\u2013 12 tjedana za potpunu transformaciju, sagorijevanje kilograma i oblikovanje tijela<br \/>\n2. Fit &#038; Strong \u2013 8 tjedana intenzivnih treninga za izgradnju snage i maksimalne rezultate<br \/>\n3. Fit &#038; Flexible \u2013 8 tjedana prilagodljivih treninga za \u017eene koje \u017eele rezultate, ali nemaju vremena za teretanu<br \/>\nSvaki program uklju\u010duje:<br \/>\n&#8211; Personalizirani plan treninga i prehrane<br \/>\n&#8211; Video i pismene upute<br \/>\n&#8211; Pra\u0107enje napretka putem aplikacije<br \/>\n&#8211; 24\/7 podr\u0161ku i motivaciju<br \/>\n&#8211; Poklon paket na kraju programa<br \/>\nKreni sada i postigni rezultate koje zaslu\u017euje\u0161! Nema vi\u0161e odga\u0111anja \u2013 tvoj uspjeh je moj prioritet!<\/p>\n","protected":false},"featured_media":2291,"comment_status":"open","ping_status":"closed","template":"","meta":[],"product_brand":[],"product_cat":[38],"product_tag":[80,79,82,78,81],"class_list":{"0":"post-2292","1":"product","2":"type-product","3":"status-publish","4":"has-post-thumbnail","6":"product_cat-osobni-treneri","7":"product_tag-coach","8":"product_tag-fitness-trener","9":"product_tag-fitness-treneri","10":"product_tag-osobni-trener","11":"product_tag-osobni-treneri","13":"first","14":"instock","15":"shipping-taxable","16":"product-type-simple"},"_links":{"self":[{"href":"https:\/\/www.fitness-treneri.hr\/index.php\/wp-json\/wp\/v2\/product\/2292","targetHints":{"allow":["GET"]}}],"collection":[{"href":"https:\/\/www.fitness-treneri.hr\/index.php\/wp-json\/wp\/v2\/product"}],"about":[{"href":"https:\/\/www.fitness-treneri.hr\/index.php\/wp-json\/wp\/v2\/types\/product"}],"replies":[{"embeddable":true,"href":"https:\/\/www.fitness-treneri.hr\/index.php\/wp-json\/wp\/v2\/comments?post=2292"}],"wp:featuredmedia":[{"embeddable":true,"href":"https:\/\/www.fitness-treneri.hr\/index.php\/wp-json\/wp\/v2\/media\/2291"}],"wp:attachment":[{"href":"https:\/\/www.fitness-treneri.hr\/index.php\/wp-json\/wp\/v2\/media?parent=2292"}],"wp:term":[{"taxonomy":"product_brand","embeddable":true,"href":"https:\/\/www.fitness-treneri.hr\/index.php\/wp-json\/wp\/v2\/product_brand?post=2292"},{"taxonomy":"product_cat","embeddable":true,"href":"https:\/\/www.fitness-treneri.hr\/index.php\/wp-json\/wp\/v2\/product_cat?post=2292"},{"taxonomy":"product_tag","embeddable":true,"href":"https:\/\/www.fitness-treneri.hr\/index.php\/wp-json\/wp\/v2\/product_tag?post=2292"}],"curies":[{"name":"wp","href":"https:\/\/api.w.org\/{rel}","templated":true}]}}